{"id":18,"date":"2021-07-13T05:16:33","date_gmt":"2021-07-13T05:16:33","guid":{"rendered":"https:\/\/lennaivars.com\/?page_id=18"},"modified":"2021-07-13T05:16:33","modified_gmt":"2021-07-13T05:16:33","slug":"inicio","status":"publish","type":"page","link":"https:\/\/lennaivars.com\/","title":{"rendered":"Inicio"},"content":{"rendered":"\n<p>\u00a1Bienvenido a tu sitio! Esta es tu p\u00e1gina de inicio, que es la que la mayor\u00eda de visitantes ver\u00e1n cuando vengan a tu sitio por primera vez.<\/p>\n","protected":false},"excerpt":{"rendered":"<p>\u00a1Bienvenido a tu sitio! Esta es tu p\u00e1gina de inicio, que es la que la mayor\u00eda de visitantes ver\u00e1n cuando vengan a tu sitio por primera vez.<\/p>\n","protected":false},"author":1,"featured_media":0,"parent":0,"menu_order":0,"comment_status":"closed","ping_status":"closed","template":"","meta":{"om_disable_all_campaigns":false,"_monsterinsights_skip_tracking":false,"_monsterinsights_sitenote_active":false,"_monsterinsights_sitenote_note":"","_monsterinsights_sitenote_category":0,"spay_email":"","footnotes":""},"class_list":["post-18","page","type-page","status-publish","hentry","has-meta has-sticky-meta"],"jetpack-related-posts":[{"id":2,"url":"https:\/\/lennaivars.com\/index.php\/pagina-ejemplo\/","url_meta":{"origin":18,"position":0},"title":"P\u00e1gina de ejemplo","date":"13 de July de 2021","format":false,"excerpt":"Esta es una p\u00e1gina de ejemplo. Es diferente a una entrada del blog porque permanecer\u00e1 en un solo lugar y aparecer\u00e1 en la navegaci\u00f3n de tu sitio (en la mayor\u00eda de los temas). La mayor\u00eda de las personas comienzan con una p\u00e1gina \u00abAcerca de\u00bb que les presenta a los visitantes\u2026","rel":"","context":"Similar post","img":{"alt_text":"","src":"","width":0,"height":0},"classes":[]}],"_links":{"self":[{"href":"https:\/\/lennaivars.com\/index.php\/wp-json\/wp\/v2\/pages\/18","targetHints":{"allow":["GET"]}}],"collection":[{"href":"https:\/\/lennaivars.com\/index.php\/wp-json\/wp\/v2\/pages"}],"about":[{"href":"https:\/\/lennaivars.com\/index.php\/wp-json\/wp\/v2\/types\/page"}],"author":[{"embeddable":true,"href":"https:\/\/lennaivars.com\/index.php\/wp-json\/wp\/v2\/users\/1"}],"replies":[{"embeddable":true,"href":"https:\/\/lennaivars.com\/index.php\/wp-json\/wp\/v2\/comments?post=18"}],"version-history":[{"count":1,"href":"https:\/\/lennaivars.com\/index.php\/wp-json\/wp\/v2\/pages\/18\/revisions"}],"predecessor-version":[{"id":22,"href":"https:\/\/lennaivars.com\/index.php\/wp-json\/wp\/v2\/pages\/18\/revisions\/22"}],"wp:attachment":[{"href":"https:\/\/lennaivars.com\/index.php\/wp-json\/wp\/v2\/media?parent=18"}],"curies":[{"name":"wp","href":"https:\/\/api.w.org\/{rel}","templated":true}]}}